{"id":24,"date":"2022-07-28T18:40:59","date_gmt":"2022-07-28T18:40:59","guid":{"rendered":"https:\/\/winandwinnow.fluo.digital\/?page_id=24"},"modified":"2024-05-29T08:05:59","modified_gmt":"2024-05-29T08:05:59","slug":"winnow-academy","status":"publish","type":"page","link":"https:\/\/winandwinnow.com\/site\/winnow-academy\/","title":{"rendered":"Winnow Academy"},"content":{"rendered":"\t\t<div data-elementor-type=\"wp-page\" data-elementor-id=\"24\" class=\"elementor elementor-24\" data-elementor-post-type=\"page\">\n\t\t\t\t\t\t<section class=\"elementor-section elementor-top-section elementor-element elementor-element-60e935d elementor-section-full_width elementor-reverse-mobile elementor-section-height-default elementor-section-height-default\" data-id=\"60e935d\" data-element_type=\"section\" data-e-type=\"section\">\n\t\t\t\t\t\t<div class=\"elementor-container elementor-column-gap-default\">\n\t\t\t\t\t<div class=\"elementor-column elementor-col-50 elementor-top-column elementor-element elementor-element-3c4c3ca animated-slow elementor-invisible\" data-id=\"3c4c3ca\" data-element_type=\"column\" data-e-type=\"column\" data-settings=\"{&quot;animation&quot;:&quot;fadeInUp&quot;,&quot;animation_delay&quot;:500}\">\n\t\t\t<div class=\"elementor-widget-wrap elementor-element-populated\">\n\t\t\t\t\t\t<div class=\"elementor-element elementor-element-290ff6e elementor-widget__width-initial elementor-widget elementor-widget-heading\" data-id=\"290ff6e\" data-element_type=\"widget\" data-e-type=\"widget\" data-widget_type=\"heading.default\">\n\t\t\t\t<div class=\"elementor-widget-container\">\n\t\t\t\t\t<h2 class=\"elementor-heading-title elementor-size-default\">Winnow\nAcademy<\/h2>\t\t\t\t<\/div>\n\t\t\t\t<\/div>\n\t\t\t\t<div class=\"elementor-element elementor-element-dda9959 elementor-widget__width-initial elementor-widget elementor-widget-text-editor\" data-id=\"dda9959\" data-element_type=\"widget\" data-e-type=\"widget\" data-widget_type=\"text-editor.default\">\n\t\t\t\t<div class=\"elementor-widget-container\">\n\t\t\t\t\t\t\t\t\t<p>Our communities make us who we are. That\u2019s why we\u2019re committed to giving back whenever we can. <br \/>We came up with Winnow Academy as a way to do so.<\/p><p>It&#8217;s a program that offers accessible remote educational opportunities, providing tools to succeed in the language industry and improve the professional experience. We especially aim to reach and impact regions with less access to professional opportunities.<\/p>\t\t\t\t\t\t\t\t<\/div>\n\t\t\t\t<\/div>\n\t\t\t\t\t<\/div>\n\t\t<\/div>\n\t\t\t\t<div class=\"elementor-column elementor-col-50 elementor-top-column elementor-element elementor-element-a065e8a animated-slow elementor-invisible\" data-id=\"a065e8a\" data-element_type=\"column\" data-e-type=\"column\" data-settings=\"{&quot;animation&quot;:&quot;fadeInDown&quot;,&quot;animation_delay&quot;:500}\">\n\t\t\t<div class=\"elementor-widget-wrap elementor-element-populated\">\n\t\t\t\t\t\t<div class=\"elementor-element elementor-element-a44367b elementor-widget elementor-widget-image\" data-id=\"a44367b\" data-element_type=\"widget\" data-e-type=\"widget\" data-widget_type=\"image.default\">\n\t\t\t\t<div class=\"elementor-widget-container\">\n\t\t\t\t\t\t\t\t\t\t\t\t\t\t\t<img fetchpriority=\"high\" decoding=\"async\" width=\"711\" height=\"773\" src=\"https:\/\/winandwinnow.com\/site\/wp-content\/uploads\/2022\/08\/senor-winnow-academy.webp\" class=\"attachment-large size-large wp-image-762\" alt=\"\" srcset=\"https:\/\/winandwinnow.com\/site\/wp-content\/uploads\/2022\/08\/senor-winnow-academy.webp 711w, https:\/\/winandwinnow.com\/site\/wp-content\/uploads\/2022\/08\/senor-winnow-academy-276x300.webp 276w\" sizes=\"(max-width: 711px) 100vw, 711px\" \/>\t\t\t\t\t\t\t\t\t\t\t\t\t\t\t<\/div>\n\t\t\t\t<\/div>\n\t\t\t\t\t<\/div>\n\t\t<\/div>\n\t\t\t\t\t<\/div>\n\t\t<\/section>\n\t\t\t\t<section class=\"elementor-section elementor-top-section elementor-element elementor-element-b6e0bca elementor-section-boxed elementor-section-height-default elementor-section-height-default\" data-id=\"b6e0bca\" data-element_type=\"section\" data-e-type=\"section\">\n\t\t\t\t\t\t<div class=\"elementor-container elementor-column-gap-default\">\n\t\t\t\t\t<div class=\"elementor-column elementor-col-100 elementor-top-column elementor-element elementor-element-dff3f19\" data-id=\"dff3f19\" data-element_type=\"column\" data-e-type=\"column\">\n\t\t\t<div class=\"elementor-widget-wrap elementor-element-populated\">\n\t\t\t\t\t\t<div class=\"elementor-element elementor-element-7f74d42 elementor-widget elementor-widget-heading\" data-id=\"7f74d42\" data-element_type=\"widget\" data-e-type=\"widget\" data-widget_type=\"heading.default\">\n\t\t\t\t<div class=\"elementor-widget-container\">\n\t\t\t\t\t<h2 class=\"elementor-heading-title elementor-size-default\"><h2 data-elementor-setting-key=\"title\" data-pen-placeholder=\"Type Here...\" data-lt-tmp-id=\"lt-792940\" data-gramm=\"false\" style=\"font-family: Montserrat, sans-serif;line-height: var( --e-global-typography-secondary-line-height )\"><span style=\"color: var( --e-global-color-primary );font-family: var( --e-global-typography-primary-font-family ), Sans-serif;background-color: var( --e-global-color-17aff1f )\">All the Editions of Winnow Academy<\/span><\/h2><\/h2>\t\t\t\t<\/div>\n\t\t\t\t<\/div>\n\t\t\t\t<div class=\"elementor-element elementor-element-5bcd136 elementor-grid-3 elementor-grid-tablet-2 elementor-grid-mobile-1 elementor-widget elementor-widget-portfolio\" data-id=\"5bcd136\" data-element_type=\"widget\" data-e-type=\"widget\" data-settings=\"{&quot;row_gap&quot;:{&quot;unit&quot;:&quot;px&quot;,&quot;size&quot;:10,&quot;sizes&quot;:[]},&quot;columns&quot;:&quot;3&quot;,&quot;columns_tablet&quot;:&quot;2&quot;,&quot;columns_mobile&quot;:&quot;1&quot;,&quot;item_ratio&quot;:{&quot;unit&quot;:&quot;px&quot;,&quot;size&quot;:0.66,&quot;sizes&quot;:[]},&quot;item_gap&quot;:{&quot;unit&quot;:&quot;px&quot;,&quot;size&quot;:&quot;&quot;,&quot;sizes&quot;:[]}}\" data-widget_type=\"portfolio.default\">\n\t\t\t\t<div class=\"elementor-widget-container\">\n\t\t\t\t\t\t\t<div class=\"elementor-portfolio elementor-grid elementor-posts-container\" role=\"list\">\n\t\t\t\t<article class=\"elementor-portfolio-item elementor-post  post-16502 post type-post status-publish format-standard has-post-thumbnail hentry category-winnow-academy-en\" role=\"listitem\">\n\t\t\t<a class=\"elementor-post__thumbnail__link\" href=\"https:\/\/winandwinnow.com\/site\/what-would-a-language-specialist-do-winnow-academy\/\">\n\t\t\t\t<div class=\"elementor-portfolio-item__img elementor-post__thumbnail\">\n\t\t\t<img decoding=\"async\" width=\"768\" height=\"384\" src=\"https:\/\/winandwinnow.com\/site\/wp-content\/uploads\/2024\/05\/Portada-Eventbrite-2160x1080-4-768x384.png\" class=\"attachment-medium_large size-medium_large wp-image-16504\" alt=\"What would a Language Specialist do? | Winnow Academy\" srcset=\"https:\/\/winandwinnow.com\/site\/wp-content\/uploads\/2024\/05\/Portada-Eventbrite-2160x1080-4-768x384.png 768w, https:\/\/winandwinnow.com\/site\/wp-content\/uploads\/2024\/05\/Portada-Eventbrite-2160x1080-4-300x150.png 300w, https:\/\/winandwinnow.com\/site\/wp-content\/uploads\/2024\/05\/Portada-Eventbrite-2160x1080-4-1024x512.png 1024w, https:\/\/winandwinnow.com\/site\/wp-content\/uploads\/2024\/05\/Portada-Eventbrite-2160x1080-4-1536x768.png 1536w, https:\/\/winandwinnow.com\/site\/wp-content\/uploads\/2024\/05\/Portada-Eventbrite-2160x1080-4-2048x1024.png 2048w\" sizes=\"(max-width: 768px) 100vw, 768px\" \/>\t\t<\/div>\n\t\t\t\t<div class=\"elementor-portfolio-item__overlay\">\n\t\t\t\t<h3 class=\"elementor-portfolio-item__title\">\n\t\tWhat would a Language Specialist do? | Winnow Academy\t\t<\/h3>\n\t\t\t\t<\/div>\n\t\t\t\t<\/a>\n\t\t<\/article>\n\t\t\t\t<article class=\"elementor-portfolio-item elementor-post  post-16088 post type-post status-publish format-standard has-post-thumbnail hentry category-winnow-academy-en\" role=\"listitem\">\n\t\t\t<a class=\"elementor-post__thumbnail__link\" href=\"https:\/\/winandwinnow.com\/site\/winnow-academy-guias-de-estilo\/\">\n\t\t\t\t<div class=\"elementor-portfolio-item__img elementor-post__thumbnail\">\n\t\t\t<img decoding=\"async\" width=\"768\" height=\"512\" src=\"https:\/\/winandwinnow.com\/site\/wp-content\/uploads\/2023\/12\/portada-Blog-WA-768x512.png\" class=\"attachment-medium_large size-medium_large wp-image-16089\" alt=\"Winnow Academy: Gu\u00edas de estilo.\" srcset=\"https:\/\/winandwinnow.com\/site\/wp-content\/uploads\/2023\/12\/portada-Blog-WA-768x512.png 768w, https:\/\/winandwinnow.com\/site\/wp-content\/uploads\/2023\/12\/portada-Blog-WA-300x200.png 300w, https:\/\/winandwinnow.com\/site\/wp-content\/uploads\/2023\/12\/portada-Blog-WA.png 1024w\" sizes=\"(max-width: 768px) 100vw, 768px\" \/>\t\t<\/div>\n\t\t\t\t<div class=\"elementor-portfolio-item__overlay\">\n\t\t\t\t<h3 class=\"elementor-portfolio-item__title\">\n\t\tWinnow Academy: Gu\u00edas de estilo\t\t<\/h3>\n\t\t\t\t<\/div>\n\t\t\t\t<\/a>\n\t\t<\/article>\n\t\t\t\t<article class=\"elementor-portfolio-item elementor-post  post-15848 post type-post status-publish format-standard has-post-thumbnail hentry category-winnow-academy-en\" role=\"listitem\">\n\t\t\t<a class=\"elementor-post__thumbnail__link\" href=\"https:\/\/winandwinnow.com\/site\/winnow-academy-introduccion-al-desktop-publishing\/\">\n\t\t\t\t<div class=\"elementor-portfolio-item__img elementor-post__thumbnail\">\n\t\t\t<img loading=\"lazy\" decoding=\"async\" width=\"768\" height=\"512\" src=\"https:\/\/winandwinnow.com\/site\/wp-content\/uploads\/2023\/08\/portada-Blog-WA-1-768x512.png\" class=\"attachment-medium_large size-medium_large wp-image-15849\" alt=\"Winnow Academy: Introducci\u00f3n al Desktop Publishing\" srcset=\"https:\/\/winandwinnow.com\/site\/wp-content\/uploads\/2023\/08\/portada-Blog-WA-1-768x512.png 768w, https:\/\/winandwinnow.com\/site\/wp-content\/uploads\/2023\/08\/portada-Blog-WA-1-300x200.png 300w, https:\/\/winandwinnow.com\/site\/wp-content\/uploads\/2023\/08\/portada-Blog-WA-1.png 1024w\" sizes=\"(max-width: 768px) 100vw, 768px\" \/>\t\t<\/div>\n\t\t\t\t<div class=\"elementor-portfolio-item__overlay\">\n\t\t\t\t<h3 class=\"elementor-portfolio-item__title\">\n\t\tWinnow Academy: Introducci\u00f3n al Desktop Publishing\t\t<\/h3>\n\t\t\t\t<\/div>\n\t\t\t\t<\/a>\n\t\t<\/article>\n\t\t\t\t<article class=\"elementor-portfolio-item elementor-post  post-14785 post type-post status-publish format-standard has-post-thumbnail hentry category-events category-winnow-academy-en\" role=\"listitem\">\n\t\t\t<a class=\"elementor-post__thumbnail__link\" href=\"https:\/\/winandwinnow.com\/site\/winnow-academy-un-cv-efectivo-y-de-impacto\/\">\n\t\t\t\t<div class=\"elementor-portfolio-item__img elementor-post__thumbnail\">\n\t\t\t<img loading=\"lazy\" decoding=\"async\" width=\"768\" height=\"512\" src=\"https:\/\/winandwinnow.com\/site\/wp-content\/uploads\/2023\/05\/2-3-768x512.png\" class=\"attachment-medium_large size-medium_large wp-image-15859\" alt=\"Winnow Academy: Un CV de impacto\" srcset=\"https:\/\/winandwinnow.com\/site\/wp-content\/uploads\/2023\/05\/2-3-768x512.png 768w, https:\/\/winandwinnow.com\/site\/wp-content\/uploads\/2023\/05\/2-3-300x200.png 300w, https:\/\/winandwinnow.com\/site\/wp-content\/uploads\/2023\/05\/2-3-1024x683.png 1024w, https:\/\/winandwinnow.com\/site\/wp-content\/uploads\/2023\/05\/2-3-1536x1024.png 1536w, https:\/\/winandwinnow.com\/site\/wp-content\/uploads\/2023\/05\/2-3.png 1792w\" sizes=\"(max-width: 768px) 100vw, 768px\" \/>\t\t<\/div>\n\t\t\t\t<div class=\"elementor-portfolio-item__overlay\">\n\t\t\t\t<h3 class=\"elementor-portfolio-item__title\">\n\t\tWinnow Academy: Un CV efectivo y de impacto\t\t<\/h3>\n\t\t\t\t<\/div>\n\t\t\t\t<\/a>\n\t\t<\/article>\n\t\t\t\t<article class=\"elementor-portfolio-item elementor-post  post-14202 post type-post status-publish format-standard has-post-thumbnail hentry category-events category-winnow-academy-en\" role=\"listitem\">\n\t\t\t<a class=\"elementor-post__thumbnail__link\" href=\"https:\/\/winandwinnow.com\/site\/winnow-academy-webinar-de-introduccion-a-la-traduccion-de-protocolos-clinicos\/\">\n\t\t\t\t<div class=\"elementor-portfolio-item__img elementor-post__thumbnail\">\n\t\t\t<img loading=\"lazy\" decoding=\"async\" width=\"768\" height=\"512\" src=\"https:\/\/winandwinnow.com\/site\/wp-content\/uploads\/2023\/05\/3-3-768x512.png\" class=\"attachment-medium_large size-medium_large wp-image-15860\" alt=\"Winnow Academy: Introducci\u00f3n a la traducci\u00f3n de protocolos cl\u00ednicos\" srcset=\"https:\/\/winandwinnow.com\/site\/wp-content\/uploads\/2023\/05\/3-3-768x512.png 768w, https:\/\/winandwinnow.com\/site\/wp-content\/uploads\/2023\/05\/3-3-300x200.png 300w, https:\/\/winandwinnow.com\/site\/wp-content\/uploads\/2023\/05\/3-3-1024x683.png 1024w, https:\/\/winandwinnow.com\/site\/wp-content\/uploads\/2023\/05\/3-3-1536x1024.png 1536w, https:\/\/winandwinnow.com\/site\/wp-content\/uploads\/2023\/05\/3-3.png 1792w\" sizes=\"(max-width: 768px) 100vw, 768px\" \/>\t\t<\/div>\n\t\t\t\t<div class=\"elementor-portfolio-item__overlay\">\n\t\t\t\t<h3 class=\"elementor-portfolio-item__title\">\n\t\tWinnow Academy: Introducci\u00f3n a la traducci\u00f3n de protocolos cl\u00ednicos\t\t<\/h3>\n\t\t\t\t<\/div>\n\t\t\t\t<\/a>\n\t\t<\/article>\n\t\t\t\t<article class=\"elementor-portfolio-item elementor-post  post-13385 post type-post status-publish format-standard has-post-thumbnail hentry category-events category-winnow-academy-en\" role=\"listitem\">\n\t\t\t<a class=\"elementor-post__thumbnail__link\" href=\"https:\/\/winandwinnow.com\/site\/webinar-introduccion-a-la-traduccion-de-patentes-winnowacademy-20-de-abril-12-pm-arg-gmt-3\/\">\n\t\t\t\t<div class=\"elementor-portfolio-item__img elementor-post__thumbnail\">\n\t\t\t<img loading=\"lazy\" decoding=\"async\" width=\"768\" height=\"512\" src=\"https:\/\/winandwinnow.com\/site\/wp-content\/uploads\/2023\/05\/6-1-1-768x512.png\" class=\"attachment-medium_large size-medium_large wp-image-15863\" alt=\"WinnowAcademy: Introducci\u00f3n a la traducci\u00f3n de patentes\" srcset=\"https:\/\/winandwinnow.com\/site\/wp-content\/uploads\/2023\/05\/6-1-1-768x512.png 768w, https:\/\/winandwinnow.com\/site\/wp-content\/uploads\/2023\/05\/6-1-1-300x200.png 300w, https:\/\/winandwinnow.com\/site\/wp-content\/uploads\/2023\/05\/6-1-1-1024x683.png 1024w, https:\/\/winandwinnow.com\/site\/wp-content\/uploads\/2023\/05\/6-1-1-1536x1024.png 1536w, https:\/\/winandwinnow.com\/site\/wp-content\/uploads\/2023\/05\/6-1-1.png 1792w\" sizes=\"(max-width: 768px) 100vw, 768px\" \/>\t\t<\/div>\n\t\t\t\t<div class=\"elementor-portfolio-item__overlay\">\n\t\t\t\t<h3 class=\"elementor-portfolio-item__title\">\n\t\tWinnow Academy: Introducci\u00f3n a la traducci\u00f3n de patentes\t\t<\/h3>\n\t\t\t\t<\/div>\n\t\t\t\t<\/a>\n\t\t<\/article>\n\t\t\t\t<article class=\"elementor-portfolio-item elementor-post  post-13387 post type-post status-publish format-standard has-post-thumbnail hentry category-winnow-academy-en\" role=\"listitem\">\n\t\t\t<a class=\"elementor-post__thumbnail__link\" href=\"https:\/\/winandwinnow.com\/site\/webinar-control-de-calidad-en-la-traduccion-winnowacademy-20-de-diciembre-12-pm-arg-gmt-3\/\">\n\t\t\t\t<div class=\"elementor-portfolio-item__img elementor-post__thumbnail\">\n\t\t\t<img loading=\"lazy\" decoding=\"async\" width=\"768\" height=\"512\" src=\"https:\/\/winandwinnow.com\/site\/wp-content\/uploads\/2023\/05\/5-1-1-768x512.png\" class=\"attachment-medium_large size-medium_large wp-image-15862\" alt=\"Winnow Academy: Control de calidad en la traducci\u00f3n\" srcset=\"https:\/\/winandwinnow.com\/site\/wp-content\/uploads\/2023\/05\/5-1-1-768x512.png 768w, https:\/\/winandwinnow.com\/site\/wp-content\/uploads\/2023\/05\/5-1-1-300x200.png 300w, https:\/\/winandwinnow.com\/site\/wp-content\/uploads\/2023\/05\/5-1-1-1024x683.png 1024w, https:\/\/winandwinnow.com\/site\/wp-content\/uploads\/2023\/05\/5-1-1-1536x1024.png 1536w, https:\/\/winandwinnow.com\/site\/wp-content\/uploads\/2023\/05\/5-1-1.png 1792w\" sizes=\"(max-width: 768px) 100vw, 768px\" \/>\t\t<\/div>\n\t\t\t\t<div class=\"elementor-portfolio-item__overlay\">\n\t\t\t\t<h3 class=\"elementor-portfolio-item__title\">\n\t\tWinnow Academy: Control de calidad en la traducci\u00f3n\t\t<\/h3>\n\t\t\t\t<\/div>\n\t\t\t\t<\/a>\n\t\t<\/article>\n\t\t\t\t<\/div>\n\t\t\t\t\t\t<\/div>\n\t\t\t\t<\/div>\n\t\t\t\t<div class=\"elementor-element elementor-element-b2ca369 elementor-widget elementor-widget-spacer\" data-id=\"b2ca369\" data-element_type=\"widget\" data-e-type=\"widget\" data-widget_type=\"spacer.default\">\n\t\t\t\t<div class=\"elementor-widget-container\">\n\t\t\t\t\t\t\t<div class=\"elementor-spacer\">\n\t\t\t<div class=\"elementor-spacer-inner\"><\/div>\n\t\t<\/div>\n\t\t\t\t\t\t<\/div>\n\t\t\t\t<\/div>\n\t\t\t\t\t<\/div>\n\t\t<\/div>\n\t\t\t\t\t<\/div>\n\t\t<\/section>\n\t\t\t\t<section class=\"elementor-section elementor-top-section elementor-element elementor-element-60086a4 elementor-section-full_width elementor-reverse-mobile elementor-section-height-default elementor-section-height-default\" data-id=\"60086a4\" data-element_type=\"section\" data-e-type=\"section\">\n\t\t\t\t\t\t<div class=\"elementor-container elementor-column-gap-default\">\n\t\t\t\t\t<div class=\"elementor-column elementor-col-50 elementor-top-column elementor-element elementor-element-6cae4c1\" data-id=\"6cae4c1\" data-element_type=\"column\" data-e-type=\"column\">\n\t\t\t<div class=\"elementor-widget-wrap elementor-element-populated\">\n\t\t\t\t\t\t<div class=\"elementor-element elementor-element-5e7b06a elementor-widget__width-initial elementor-widget elementor-widget-heading\" data-id=\"5e7b06a\" data-element_type=\"widget\" data-e-type=\"widget\" data-widget_type=\"heading.default\">\n\t\t\t\t<div class=\"elementor-widget-container\">\n\t\t\t\t\t<h2 class=\"elementor-heading-title elementor-size-default\">Now It\u2019s Time to Put All That Knowledge Into Practice.<\/h2>\t\t\t\t<\/div>\n\t\t\t\t<\/div>\n\t\t\t\t<div class=\"elementor-element elementor-element-9b855f5 elementor-widget__width-initial elementor-widget elementor-widget-text-editor\" data-id=\"9b855f5\" data-element_type=\"widget\" data-e-type=\"widget\" data-widget_type=\"text-editor.default\">\n\t\t\t\t<div class=\"elementor-widget-container\">\n\t\t\t\t\t\t\t\t\t<p>Work with us to enable life transformation through global communication and acessible information.<\/p>\t\t\t\t\t\t\t\t<\/div>\n\t\t\t\t<\/div>\n\t\t\t\t<div class=\"elementor-element elementor-element-6824315 elementor-align-left elementor-widget__width-initial elementor-tablet-align-justify elementor-widget elementor-widget-button\" data-id=\"6824315\" data-element_type=\"widget\" data-e-type=\"widget\" data-widget_type=\"button.default\">\n\t\t\t\t<div class=\"elementor-widget-container\">\n\t\t\t\t\t\t\t\t\t<div class=\"elementor-button-wrapper\">\n\t\t\t\t\t<a class=\"elementor-button elementor-button-link elementor-size-sm\" href=\"https:\/\/winandwinnow.com\/site\/join-our-team\/\">\n\t\t\t\t\t\t<span class=\"elementor-button-content-wrapper\">\n\t\t\t\t\t\t\t\t\t<span class=\"elementor-button-text\">Join our Team<\/span>\n\t\t\t\t\t<\/span>\n\t\t\t\t\t<\/a>\n\t\t\t\t<\/div>\n\t\t\t\t\t\t\t\t<\/div>\n\t\t\t\t<\/div>\n\t\t\t\t\t<\/div>\n\t\t<\/div>\n\t\t\t\t<div class=\"elementor-column elementor-col-50 elementor-top-column elementor-element elementor-element-07a0a7e\" data-id=\"07a0a7e\" data-element_type=\"column\" data-e-type=\"column\">\n\t\t\t<div class=\"elementor-widget-wrap elementor-element-populated\">\n\t\t\t\t\t\t<div class=\"elementor-element elementor-element-879c53d elementor-widget elementor-widget-image\" data-id=\"879c53d\" data-element_type=\"widget\" data-e-type=\"widget\" data-widget_type=\"image.default\">\n\t\t\t\t<div class=\"elementor-widget-container\">\n\t\t\t\t\t\t\t\t\t\t\t\t\t\t\t<img loading=\"lazy\" decoding=\"async\" width=\"735\" height=\"729\" src=\"https:\/\/winandwinnow.com\/site\/wp-content\/uploads\/2022\/08\/chica-de-winnow-acadamey.webp\" class=\"attachment-large size-large wp-image-763\" alt=\"\" srcset=\"https:\/\/winandwinnow.com\/site\/wp-content\/uploads\/2022\/08\/chica-de-winnow-acadamey.webp 735w, https:\/\/winandwinnow.com\/site\/wp-content\/uploads\/2022\/08\/chica-de-winnow-acadamey-300x298.webp 300w, https:\/\/winandwinnow.com\/site\/wp-content\/uploads\/2022\/08\/chica-de-winnow-acadamey-150x150.webp 150w\" sizes=\"(max-width: 735px) 100vw, 735px\" \/>\t\t\t\t\t\t\t\t\t\t\t\t\t\t\t<\/div>\n\t\t\t\t<\/div>\n\t\t\t\t\t<\/div>\n\t\t<\/div>\n\t\t\t\t\t<\/div>\n\t\t<\/section>\n\t\t\t\t<\/div>\n\t\t","protected":false},"excerpt":{"rendered":"<p>Winnow Academy Our communities make us who we are. That\u2019s why we\u2019re committed to giving back whenever we can. We came up with Winnow Academy as a way to do so. It&#8217;s a program that offers accessible remote educational opportunities, providing tools to succeed in the language industry and improve the professional experience. We especially [&hellip;]<\/p>\n","protected":false},"author":1,"featured_media":0,"parent":0,"menu_order":0,"comment_status":"closed","ping_status":"closed","template":"","meta":{"content-type":"","om_disable_all_campaigns":false,"_monsterinsights_skip_tracking":false,"_monsterinsights_sitenote_active":false,"_monsterinsights_sitenote_note":"","_monsterinsights_sitenote_category":0,"footnotes":""},"class_list":["post-24","page","type-page","status-publish","hentry"],"_links":{"self":[{"href":"https:\/\/winandwinnow.com\/site\/wp-json\/wp\/v2\/pages\/24","targetHints":{"allow":["GET"]}}],"collection":[{"href":"https:\/\/winandwinnow.com\/site\/wp-json\/wp\/v2\/pages"}],"about":[{"href":"https:\/\/winandwinnow.com\/site\/wp-json\/wp\/v2\/types\/page"}],"author":[{"embeddable":true,"href":"https:\/\/winandwinnow.com\/site\/wp-json\/wp\/v2\/users\/1"}],"replies":[{"embeddable":true,"href":"https:\/\/winandwinnow.com\/site\/wp-json\/wp\/v2\/comments?post=24"}],"version-history":[{"count":0,"href":"https:\/\/winandwinnow.com\/site\/wp-json\/wp\/v2\/pages\/24\/revisions"}],"wp:attachment":[{"href":"https:\/\/winandwinnow.com\/site\/wp-json\/wp\/v2\/media?parent=24"}],"curies":[{"name":"wp","href":"https:\/\/api.w.org\/{rel}","templated":true}]}}