{"id":20,"date":"2022-07-28T18:37:39","date_gmt":"2022-07-28T18:37:39","guid":{"rendered":"https:\/\/winandwinnow.fluo.digital\/?page_id=20"},"modified":"2026-03-20T18:00:16","modified_gmt":"2026-03-20T18:00:16","slug":"blog","status":"publish","type":"page","link":"https:\/\/winandwinnow.com\/site\/blog\/","title":{"rendered":"Blog"},"content":{"rendered":"\t\t<div data-elementor-type=\"wp-page\" data-elementor-id=\"20\" class=\"elementor elementor-20\" data-elementor-post-type=\"page\">\n\t\t\t\t\t\t<section class=\"elementor-section elementor-top-section elementor-element elementor-element-122221c elementor-section-full_width elementor-section-height-default elementor-section-height-default\" data-id=\"122221c\" data-element_type=\"section\" data-e-type=\"section\" data-settings=\"{&quot;background_background&quot;:&quot;video&quot;,&quot;background_video_link&quot;:&quot;https:\\\/\\\/winandwinnow.com\\\/site\\\/wp-content\\\/uploads\\\/2025\\\/08\\\/Untitled-design-1.mp4&quot;}\">\n\t\t\t\t\t\t\t\t<div class=\"elementor-background-video-container elementor-hidden-mobile\">\n\t\t\t\t\t\t\t\t\t\t\t\t\t<video class=\"elementor-background-video-hosted\" role=\"presentation\" autoplay muted playsinline loop><\/video>\n\t\t\t\t\t\t\t\t\t\t\t<\/div>\n\t\t\t\t\t\t\t\t<div class=\"elementor-container elementor-column-gap-default\">\n\t\t\t\t\t<div class=\"elementor-column elementor-col-100 elementor-top-column elementor-element elementor-element-817ad9b\" data-id=\"817ad9b\" data-element_type=\"column\" data-e-type=\"column\">\n\t\t\t<div class=\"elementor-widget-wrap elementor-element-populated\">\n\t\t\t\t\t\t<div class=\"elementor-element elementor-element-731fcfc elementor-widget__width-inherit elementor-widget elementor-widget-heading\" data-id=\"731fcfc\" data-element_type=\"widget\" data-e-type=\"widget\" data-widget_type=\"heading.default\">\n\t\t\t\t<div class=\"elementor-widget-container\">\n\t\t\t\t\t<h1 class=\"elementor-heading-title elementor-size-default\">Blog &amp; Resources<\/h1>\t\t\t\t<\/div>\n\t\t\t\t<\/div>\n\t\t\t\t<div class=\"elementor-element elementor-element-b666ca8 elementor-widget elementor-widget-text-editor\" data-id=\"b666ca8\" data-element_type=\"widget\" data-e-type=\"widget\" data-widget_type=\"text-editor.default\">\n\t\t\t\t<div class=\"elementor-widget-container\">\n\t\t\t\t\t\t\t\t\t<p><span style=\"white-space-collapse: preserve; color: #ffffff;\">Insights, resources, thought leadership, and news. Enjoy and learn!<\/span><!-- notionvc: 4f6c1e78-5912-42c4-b61e-9c2362168e2d --><\/p>\t\t\t\t\t\t\t\t<\/div>\n\t\t\t\t<\/div>\n\t\t\t\t<div class=\"elementor-element elementor-element-459c530 elementor-widget elementor-widget-button\" data-id=\"459c530\" data-element_type=\"widget\" data-e-type=\"widget\" data-widget_type=\"button.default\">\n\t\t\t\t<div class=\"elementor-widget-container\">\n\t\t\t\t\t\t\t\t\t<div class=\"elementor-button-wrapper\">\n\t\t\t\t\t<a class=\"elementor-button elementor-button-link elementor-size-sm\" href=\"https:\/\/winandwinnow.com\/site\/contact\/\">\n\t\t\t\t\t\t<span class=\"elementor-button-content-wrapper\">\n\t\t\t\t\t\t\t\t\t<span class=\"elementor-button-text\">Get in touch <\/span>\n\t\t\t\t\t<\/span>\n\t\t\t\t\t<\/a>\n\t\t\t\t<\/div>\n\t\t\t\t\t\t\t\t<\/div>\n\t\t\t\t<\/div>\n\t\t\t\t\t<\/div>\n\t\t<\/div>\n\t\t\t\t\t<\/div>\n\t\t<\/section>\n\t\t\t\t<section class=\"elementor-section elementor-top-section elementor-element elementor-element-90781b1 elementor-section-boxed elementor-section-height-default elementor-section-height-default\" data-id=\"90781b1\" data-element_type=\"section\" data-e-type=\"section\" data-settings=\"{&quot;background_background&quot;:&quot;classic&quot;}\">\n\t\t\t\t\t\t<div class=\"elementor-container elementor-column-gap-default\">\n\t\t\t\t\t<div class=\"elementor-column elementor-col-100 elementor-top-column elementor-element elementor-element-985a890\" data-id=\"985a890\" data-element_type=\"column\" data-e-type=\"column\" data-settings=\"{&quot;background_background&quot;:&quot;classic&quot;}\">\n\t\t\t<div class=\"elementor-widget-wrap elementor-element-populated\">\n\t\t\t\t\t\t<div class=\"elementor-element elementor-element-712558f elementor-nav-menu--dropdown-tablet elementor-nav-menu__text-align-aside elementor-nav-menu--toggle elementor-nav-menu--burger elementor-widget elementor-widget-nav-menu\" data-id=\"712558f\" data-element_type=\"widget\" data-e-type=\"widget\" data-settings=\"{&quot;submenu_icon&quot;:{&quot;value&quot;:&quot;&lt;i class=\\&quot;\\&quot; aria-hidden=\\&quot;true\\&quot;&gt;&lt;\\\/i&gt;&quot;,&quot;library&quot;:&quot;&quot;},&quot;layout&quot;:&quot;horizontal&quot;,&quot;toggle&quot;:&quot;burger&quot;}\" data-widget_type=\"nav-menu.default\">\n\t\t\t\t<div class=\"elementor-widget-container\">\n\t\t\t\t\t\t\t\t<nav aria-label=\"Menu\" class=\"elementor-nav-menu--main elementor-nav-menu__container elementor-nav-menu--layout-horizontal e--pointer-background e--animation-fade\">\n\t\t\t\t<ul id=\"menu-1-712558f\" class=\"elementor-nav-menu\"><li class=\"menu-item menu-item-type-custom menu-item-object-custom menu-item-15936\"><a href=\"https:\/\/winandwinnow.com\/site\/blog\/\" class=\"elementor-item\">All<\/a><\/li>\n<li class=\"menu-item menu-item-type-taxonomy menu-item-object-category menu-item-15930\"><a href=\"https:\/\/winandwinnow.com\/site\/category\/life-sciences-en\/\" class=\"elementor-item\">Life Sciences<\/a><\/li>\n<li class=\"menu-item menu-item-type-taxonomy menu-item-object-category menu-item-15931\"><a href=\"https:\/\/winandwinnow.com\/site\/category\/translation-en\/\" class=\"elementor-item\">Translation<\/a><\/li>\n<li class=\"menu-item menu-item-type-taxonomy menu-item-object-category menu-item-15932\"><a href=\"https:\/\/winandwinnow.com\/site\/category\/sustainability-en\/\" class=\"elementor-item\">Sustainability<\/a><\/li>\n<li class=\"menu-item menu-item-type-taxonomy menu-item-object-category menu-item-15933\"><a href=\"https:\/\/winandwinnow.com\/site\/category\/localization-en\/\" class=\"elementor-item\">Localization<\/a><\/li>\n<li class=\"menu-item menu-item-type-taxonomy menu-item-object-category menu-item-15934\"><a href=\"https:\/\/winandwinnow.com\/site\/category\/diversity-and-inclusion-en\/\" class=\"elementor-item\">Digital Accessibility<\/a><\/li>\n<li class=\"menu-item menu-item-type-taxonomy menu-item-object-category menu-item-15935\"><a href=\"https:\/\/winandwinnow.com\/site\/category\/life-sciences-en\/healthcare-en\/\" class=\"elementor-item\">Healthcare<\/a><\/li>\n<\/ul>\t\t\t<\/nav>\n\t\t\t\t\t<div class=\"elementor-menu-toggle\" role=\"button\" tabindex=\"0\" aria-label=\"Menu Toggle\" aria-expanded=\"false\">\n\t\t\t<i aria-hidden=\"true\" role=\"presentation\" class=\"elementor-menu-toggle__icon--open eicon-menu-bar\"><\/i><i aria-hidden=\"true\" role=\"presentation\" class=\"elementor-menu-toggle__icon--close eicon-close\"><\/i>\t\t<\/div>\n\t\t\t\t\t<nav class=\"elementor-nav-menu--dropdown elementor-nav-menu__container\" aria-hidden=\"true\">\n\t\t\t\t<ul id=\"menu-2-712558f\" class=\"elementor-nav-menu\"><li class=\"menu-item menu-item-type-custom menu-item-object-custom menu-item-15936\"><a href=\"https:\/\/winandwinnow.com\/site\/blog\/\" class=\"elementor-item\" tabindex=\"-1\">All<\/a><\/li>\n<li class=\"menu-item menu-item-type-taxonomy menu-item-object-category menu-item-15930\"><a href=\"https:\/\/winandwinnow.com\/site\/category\/life-sciences-en\/\" class=\"elementor-item\" tabindex=\"-1\">Life Sciences<\/a><\/li>\n<li class=\"menu-item menu-item-type-taxonomy menu-item-object-category menu-item-15931\"><a href=\"https:\/\/winandwinnow.com\/site\/category\/translation-en\/\" class=\"elementor-item\" tabindex=\"-1\">Translation<\/a><\/li>\n<li class=\"menu-item menu-item-type-taxonomy menu-item-object-category menu-item-15932\"><a href=\"https:\/\/winandwinnow.com\/site\/category\/sustainability-en\/\" class=\"elementor-item\" tabindex=\"-1\">Sustainability<\/a><\/li>\n<li class=\"menu-item menu-item-type-taxonomy menu-item-object-category menu-item-15933\"><a href=\"https:\/\/winandwinnow.com\/site\/category\/localization-en\/\" class=\"elementor-item\" tabindex=\"-1\">Localization<\/a><\/li>\n<li class=\"menu-item menu-item-type-taxonomy menu-item-object-category menu-item-15934\"><a href=\"https:\/\/winandwinnow.com\/site\/category\/diversity-and-inclusion-en\/\" class=\"elementor-item\" tabindex=\"-1\">Digital Accessibility<\/a><\/li>\n<li class=\"menu-item menu-item-type-taxonomy menu-item-object-category menu-item-15935\"><a href=\"https:\/\/winandwinnow.com\/site\/category\/life-sciences-en\/healthcare-en\/\" class=\"elementor-item\" tabindex=\"-1\">Healthcare<\/a><\/li>\n<\/ul>\t\t\t<\/nav>\n\t\t\t\t\t\t<\/div>\n\t\t\t\t<\/div>\n\t\t\t\t\t<\/div>\n\t\t<\/div>\n\t\t\t\t\t<\/div>\n\t\t<\/section>\n\t\t\t\t<section class=\"elementor-section elementor-top-section elementor-element elementor-element-4133c3d animated-slow elementor-section-boxed elementor-section-height-default elementor-section-height-default elementor-invisible\" data-id=\"4133c3d\" data-element_type=\"section\" data-e-type=\"section\" data-settings=\"{&quot;animation&quot;:&quot;fadeInUp&quot;}\">\n\t\t\t\t\t\t<div class=\"elementor-container elementor-column-gap-default\">\n\t\t\t\t\t<div class=\"elementor-column elementor-col-100 elementor-top-column elementor-element elementor-element-a028141\" data-id=\"a028141\" data-element_type=\"column\" data-e-type=\"column\">\n\t\t\t<div class=\"elementor-widget-wrap elementor-element-populated\">\n\t\t\t\t\t\t<div class=\"elementor-element elementor-element-f9a8eca elementor-grid-2 elementor-grid-tablet-2 elementor-grid-mobile-1 elementor-posts--thumbnail-top elementor-card-shadow-yes elementor-posts__hover-gradient load-more-align-center elementor-widget elementor-widget-posts\" data-id=\"f9a8eca\" data-element_type=\"widget\" data-e-type=\"widget\" data-settings=\"{&quot;pagination_type&quot;:&quot;load_more_on_click&quot;,&quot;load_more_spinner&quot;:{&quot;value&quot;:&quot;&quot;,&quot;library&quot;:&quot;&quot;},&quot;cards_columns&quot;:&quot;2&quot;,&quot;cards_columns_tablet&quot;:&quot;2&quot;,&quot;cards_columns_mobile&quot;:&quot;1&quot;,&quot;cards_row_gap&quot;:{&quot;unit&quot;:&quot;px&quot;,&quot;size&quot;:35,&quot;sizes&quot;:[]},&quot;cards_row_gap_tablet&quot;:{&quot;unit&quot;:&quot;px&quot;,&quot;size&quot;:&quot;&quot;,&quot;sizes&quot;:[]},&quot;cards_row_gap_mobile&quot;:{&quot;unit&quot;:&quot;px&quot;,&quot;size&quot;:&quot;&quot;,&quot;sizes&quot;:[]}}\" data-widget_type=\"posts.cards\">\n\t\t\t\t<div class=\"elementor-widget-container\">\n\t\t\t\t\t\t\t<div class=\"elementor-posts-container elementor-posts elementor-posts--skin-cards elementor-grid\" role=\"list\">\n\t\t\t\t<article class=\"elementor-post elementor-grid-item post-19500 post type-post status-publish format-standard has-post-thumbnail hentry category-tecnologias-y-ia\" role=\"listitem\">\n\t\t\t<div class=\"elementor-post__card\">\n\t\t\t\t<a class=\"elementor-post__thumbnail__link\" href=\"https:\/\/winandwinnow.com\/site\/es\/servicios-linguisticos-impulsados-por-ia\/\" tabindex=\"-1\"><div class=\"elementor-post__thumbnail\"><img fetchpriority=\"high\" decoding=\"async\" width=\"300\" height=\"169\" src=\"https:\/\/winandwinnow.com\/site\/wp-content\/uploads\/2026\/04\/ai-powered-language-services-300x169.jpg\" class=\"attachment-medium size-medium wp-image-19501\" alt=\"Pantalla morada con bordes redondeados que muestra un breve texto sobre LLM, com\u00fanmente incluido en servicios ling\u00fc\u00edsticos impulsados por IA\" srcset=\"https:\/\/winandwinnow.com\/site\/wp-content\/uploads\/2026\/04\/ai-powered-language-services-300x169.jpg 300w, https:\/\/winandwinnow.com\/site\/wp-content\/uploads\/2026\/04\/ai-powered-language-services-1024x576.jpg 1024w, https:\/\/winandwinnow.com\/site\/wp-content\/uploads\/2026\/04\/ai-powered-language-services-768x432.jpg 768w, https:\/\/winandwinnow.com\/site\/wp-content\/uploads\/2026\/04\/ai-powered-language-services-1536x864.jpg 1536w, https:\/\/winandwinnow.com\/site\/wp-content\/uploads\/2026\/04\/ai-powered-language-services-2048x1152.jpg 2048w\" sizes=\"(max-width: 300px) 100vw, 300px\" \/><\/div><\/a>\n\t\t\t\t<div class=\"elementor-post__badge\">Tecnolog\u00edas e IA<\/div>\n\t\t\t\t<div class=\"elementor-post__text\">\n\t\t\t\t<h3 class=\"elementor-post__title\">\n\t\t\t<a href=\"https:\/\/winandwinnow.com\/site\/es\/servicios-linguisticos-impulsados-por-ia\/\">\n\t\t\t\tServicios ling\u00fc\u00edsticos impulsados por IA para contenido global\t\t\t<\/a>\n\t\t<\/h3>\n\t\t\t\t<div class=\"elementor-post__excerpt\">\n\t\t\t<p>A medida que las empresas se expanden a nivel internacional, los servicios ling\u00fc\u00edsticos impulsados por IA se est\u00e1n consolidando como una soluci\u00f3n clave, ofreciendo rapidez,<\/p>\n\t\t<\/div>\n\t\t\n\t\t<a class=\"elementor-post__read-more\" href=\"https:\/\/winandwinnow.com\/site\/es\/servicios-linguisticos-impulsados-por-ia\/\" aria-label=\"Read more about Servicios ling\u00fc\u00edsticos impulsados por IA para contenido global\" tabindex=\"-1\">\n\t\t\tLeer m\u00e1s \u00bb\t\t<\/a>\n\n\t\t\t\t<\/div>\n\t\t\t\t\t<\/div>\n\t\t<\/article>\n\t\t\t\t<article class=\"elementor-post elementor-grid-item post-19496 post type-post status-publish format-standard has-post-thumbnail hentry category-technology-and-ai\" role=\"listitem\">\n\t\t\t<div class=\"elementor-post__card\">\n\t\t\t\t<a class=\"elementor-post__thumbnail__link\" href=\"https:\/\/winandwinnow.com\/site\/ai-powered-language-services-for-content\/\" tabindex=\"-1\"><div class=\"elementor-post__thumbnail\"><img decoding=\"async\" width=\"300\" height=\"169\" src=\"https:\/\/winandwinnow.com\/site\/wp-content\/uploads\/2026\/04\/ai-powered-language-services-300x169.jpg\" class=\"attachment-medium size-medium wp-image-19497\" alt=\"A purple rounded screen presenting a short text about LLM, often included among AI-powered language services.\" srcset=\"https:\/\/winandwinnow.com\/site\/wp-content\/uploads\/2026\/04\/ai-powered-language-services-300x169.jpg 300w, https:\/\/winandwinnow.com\/site\/wp-content\/uploads\/2026\/04\/ai-powered-language-services-1024x576.jpg 1024w, https:\/\/winandwinnow.com\/site\/wp-content\/uploads\/2026\/04\/ai-powered-language-services-768x432.jpg 768w, https:\/\/winandwinnow.com\/site\/wp-content\/uploads\/2026\/04\/ai-powered-language-services-1536x864.jpg 1536w, https:\/\/winandwinnow.com\/site\/wp-content\/uploads\/2026\/04\/ai-powered-language-services-2048x1152.jpg 2048w\" sizes=\"(max-width: 300px) 100vw, 300px\" \/><\/div><\/a>\n\t\t\t\t<div class=\"elementor-post__badge\">Technology and AI<\/div>\n\t\t\t\t<div class=\"elementor-post__text\">\n\t\t\t\t<h3 class=\"elementor-post__title\">\n\t\t\t<a href=\"https:\/\/winandwinnow.com\/site\/ai-powered-language-services-for-content\/\">\n\t\t\t\tHow AI-Powered Language Services Redefine Global Content\t\t\t<\/a>\n\t\t<\/h3>\n\t\t\t\t<div class=\"elementor-post__excerpt\">\n\t\t\t<p>As companies expand across borders, AI-powered language services are emerging as a critical solution, offering speed, scalability, and efficiency that traditional methods alone cannot match.<\/p>\n\t\t<\/div>\n\t\t\n\t\t<a class=\"elementor-post__read-more\" href=\"https:\/\/winandwinnow.com\/site\/ai-powered-language-services-for-content\/\" aria-label=\"Read more about How AI-Powered Language Services Redefine Global Content\" tabindex=\"-1\">\n\t\t\tLeer m\u00e1s \u00bb\t\t<\/a>\n\n\t\t\t\t<\/div>\n\t\t\t\t\t<\/div>\n\t\t<\/article>\n\t\t\t\t<article class=\"elementor-post elementor-grid-item post-19212 post type-post status-publish format-standard has-post-thumbnail hentry category-ciencias-de-la-vida category-biotecnologia-y-farmaceutica category-salud\" role=\"listitem\">\n\t\t\t<div class=\"elementor-post__card\">\n\t\t\t\t<a class=\"elementor-post__thumbnail__link\" href=\"https:\/\/winandwinnow.com\/site\/es\/traducir-formularios-consentimiento-informado\/\" tabindex=\"-1\"><div class=\"elementor-post__thumbnail\"><img decoding=\"async\" width=\"300\" height=\"200\" src=\"https:\/\/winandwinnow.com\/site\/wp-content\/uploads\/2023\/01\/pexels-alex-green-5699456-300x200.jpg\" class=\"attachment-medium size-medium wp-image-14118\" alt=\"Mujer completando la traducci\u00f3n de formularios de consentimiento informado\" srcset=\"https:\/\/winandwinnow.com\/site\/wp-content\/uploads\/2023\/01\/pexels-alex-green-5699456-300x200.jpg 300w, https:\/\/winandwinnow.com\/site\/wp-content\/uploads\/2023\/01\/pexels-alex-green-5699456-1024x683.jpg 1024w, https:\/\/winandwinnow.com\/site\/wp-content\/uploads\/2023\/01\/pexels-alex-green-5699456-768x512.jpg 768w, https:\/\/winandwinnow.com\/site\/wp-content\/uploads\/2023\/01\/pexels-alex-green-5699456-1536x1024.jpg 1536w, https:\/\/winandwinnow.com\/site\/wp-content\/uploads\/2023\/01\/pexels-alex-green-5699456-2048x1365.jpg 2048w\" sizes=\"(max-width: 300px) 100vw, 300px\" \/><\/div><\/a>\n\t\t\t\t<div class=\"elementor-post__badge\">Sector de la salud<\/div>\n\t\t\t\t<div class=\"elementor-post__text\">\n\t\t\t\t<h3 class=\"elementor-post__title\">\n\t\t\t<a href=\"https:\/\/winandwinnow.com\/site\/es\/traducir-formularios-consentimiento-informado\/\">\n\t\t\t\t\u00bfTraducir formularios de consentimiento informado merece la pena?\t\t\t<\/a>\n\t\t<\/h3>\n\t\t\t\t<div class=\"elementor-post__excerpt\">\n\t\t\t<p>Traducir formularios de consentimiento informado (ICF, por sus siglas en ingl\u00e9s) es un tema controvertido, ya que la dificultad de comprensi\u00f3n no siempre depende solo<\/p>\n\t\t<\/div>\n\t\t\n\t\t<a class=\"elementor-post__read-more\" href=\"https:\/\/winandwinnow.com\/site\/es\/traducir-formularios-consentimiento-informado\/\" aria-label=\"Read more about \u00bfTraducir formularios de consentimiento informado merece la pena?\" tabindex=\"-1\">\n\t\t\tLeer m\u00e1s \u00bb\t\t<\/a>\n\n\t\t\t\t<\/div>\n\t\t\t\t\t<\/div>\n\t\t<\/article>\n\t\t\t\t<article class=\"elementor-post elementor-grid-item post-18840 post type-post status-publish format-standard has-post-thumbnail hentry category-diversity-and-inclusion-en\" role=\"listitem\">\n\t\t\t<div class=\"elementor-post__card\">\n\t\t\t\t<a class=\"elementor-post__thumbnail__link\" href=\"https:\/\/winandwinnow.com\/site\/doj-ada-title-ii-compliance-deadlines-2026\/\" tabindex=\"-1\"><div class=\"elementor-post__thumbnail\"><img loading=\"lazy\" decoding=\"async\" width=\"300\" height=\"200\" src=\"https:\/\/winandwinnow.com\/site\/wp-content\/uploads\/2026\/03\/doj-ada-tilte-ii-deadlines-2026-300x200.jpg\" class=\"attachment-medium size-medium wp-image-18841\" alt=\"U.S. flags among downtown buildings.\" srcset=\"https:\/\/winandwinnow.com\/site\/wp-content\/uploads\/2026\/03\/doj-ada-tilte-ii-deadlines-2026-300x200.jpg 300w, https:\/\/winandwinnow.com\/site\/wp-content\/uploads\/2026\/03\/doj-ada-tilte-ii-deadlines-2026-1024x683.jpg 1024w, https:\/\/winandwinnow.com\/site\/wp-content\/uploads\/2026\/03\/doj-ada-tilte-ii-deadlines-2026-768x512.jpg 768w, https:\/\/winandwinnow.com\/site\/wp-content\/uploads\/2026\/03\/doj-ada-tilte-ii-deadlines-2026-1536x1024.jpg 1536w, https:\/\/winandwinnow.com\/site\/wp-content\/uploads\/2026\/03\/doj-ada-tilte-ii-deadlines-2026-2048x1365.jpg 2048w\" sizes=\"(max-width: 300px) 100vw, 300px\" \/><\/div><\/a>\n\t\t\t\t<div class=\"elementor-post__badge\">Digital Accessibility<\/div>\n\t\t\t\t<div class=\"elementor-post__text\">\n\t\t\t\t<h3 class=\"elementor-post__title\">\n\t\t\t<a href=\"https:\/\/winandwinnow.com\/site\/doj-ada-title-ii-compliance-deadlines-2026\/\">\n\t\t\t\tMandatory DOJ ADA Title II Compliance Deadlines by 2026\t\t\t<\/a>\n\t\t<\/h3>\n\t\t\t\t<div class=\"elementor-post__excerpt\">\n\t\t\t<p>In this article, we dig into the mandatory DOJ ADA Title II compliance deadlines by 2026. Digital accessibility in the United States is entering a<\/p>\n\t\t<\/div>\n\t\t\n\t\t<a class=\"elementor-post__read-more\" href=\"https:\/\/winandwinnow.com\/site\/doj-ada-title-ii-compliance-deadlines-2026\/\" aria-label=\"Read more about Mandatory DOJ ADA Title II Compliance Deadlines by 2026\" tabindex=\"-1\">\n\t\t\tLeer m\u00e1s \u00bb\t\t<\/a>\n\n\t\t\t\t<\/div>\n\t\t\t\t\t<\/div>\n\t\t<\/article>\n\t\t\t\t<article class=\"elementor-post elementor-grid-item post-18830 post type-post status-publish format-standard has-post-thumbnail hentry category-diversidad-inclusion category-traduccion\" role=\"listitem\">\n\t\t\t<div class=\"elementor-post__card\">\n\t\t\t\t<a class=\"elementor-post__thumbnail__link\" href=\"https:\/\/winandwinnow.com\/site\/es\/contenido-digital-multilingue-seccion-508\/\" tabindex=\"-1\"><div class=\"elementor-post__thumbnail\"><img loading=\"lazy\" decoding=\"async\" width=\"300\" height=\"200\" src=\"https:\/\/winandwinnow.com\/site\/wp-content\/uploads\/2024\/07\/pexels-karolina-grabowska-4968723-300x200.webp\" class=\"attachment-medium size-medium wp-image-16583\" alt=\"A person using a laptop.\" srcset=\"https:\/\/winandwinnow.com\/site\/wp-content\/uploads\/2024\/07\/pexels-karolina-grabowska-4968723-300x200.webp 300w, https:\/\/winandwinnow.com\/site\/wp-content\/uploads\/2024\/07\/pexels-karolina-grabowska-4968723-1024x683.webp 1024w, https:\/\/winandwinnow.com\/site\/wp-content\/uploads\/2024\/07\/pexels-karolina-grabowska-4968723-768x512.webp 768w\" sizes=\"(max-width: 300px) 100vw, 300px\" \/><\/div><\/a>\n\t\t\t\t<div class=\"elementor-post__badge\">Accesibilidad digital<\/div>\n\t\t\t\t<div class=\"elementor-post__text\">\n\t\t\t\t<h3 class=\"elementor-post__title\">\n\t\t\t<a href=\"https:\/\/winandwinnow.com\/site\/es\/contenido-digital-multilingue-seccion-508\/\">\n\t\t\t\tContenido digital multiling\u00fce que cumple con la Secci\u00f3n 508\t\t\t<\/a>\n\t\t<\/h3>\n\t\t\t\t<div class=\"elementor-post__excerpt\">\n\t\t\t<p>La accesibilidad digital es m\u00e1s que un requisito: es una necesidad, y estamos comprometidos a mejorarla; por eso ofrecemos contenido digital multiling\u00fce que cumple con<\/p>\n\t\t<\/div>\n\t\t\n\t\t<a class=\"elementor-post__read-more\" href=\"https:\/\/winandwinnow.com\/site\/es\/contenido-digital-multilingue-seccion-508\/\" aria-label=\"Read more about Contenido digital multiling\u00fce que cumple con la Secci\u00f3n 508\" tabindex=\"-1\">\n\t\t\tLeer m\u00e1s \u00bb\t\t<\/a>\n\n\t\t\t\t<\/div>\n\t\t\t\t\t<\/div>\n\t\t<\/article>\n\t\t\t\t<article class=\"elementor-post elementor-grid-item post-18756 post type-post status-publish format-standard has-post-thumbnail hentry category-life-sciences-en category-medical-devices category-technology-and-ai\" role=\"listitem\">\n\t\t\t<div class=\"elementor-post__card\">\n\t\t\t\t<a class=\"elementor-post__thumbnail__link\" href=\"https:\/\/winandwinnow.com\/site\/accessible-medical-devices-ai-for-samd-emd\/\" tabindex=\"-1\"><div class=\"elementor-post__thumbnail\"><img loading=\"lazy\" decoding=\"async\" width=\"300\" height=\"200\" src=\"https:\/\/winandwinnow.com\/site\/wp-content\/uploads\/2026\/02\/accessible-medical-devices-300x200.webp\" class=\"attachment-medium size-medium wp-image-18766\" alt=\"Doctor using an accessible medical devices\" srcset=\"https:\/\/winandwinnow.com\/site\/wp-content\/uploads\/2026\/02\/accessible-medical-devices-300x200.webp 300w, https:\/\/winandwinnow.com\/site\/wp-content\/uploads\/2026\/02\/accessible-medical-devices-1024x683.webp 1024w, https:\/\/winandwinnow.com\/site\/wp-content\/uploads\/2026\/02\/accessible-medical-devices-768x512.jpg 768w, https:\/\/winandwinnow.com\/site\/wp-content\/uploads\/2026\/02\/accessible-medical-devices-1536x1024.jpg 1536w, https:\/\/winandwinnow.com\/site\/wp-content\/uploads\/2026\/02\/accessible-medical-devices-2048x1365.jpg 2048w, https:\/\/winandwinnow.com\/site\/wp-content\/uploads\/2026\/02\/accessible-medical-devices-scaled.webp 1920w\" sizes=\"(max-width: 300px) 100vw, 300px\" \/><\/div><\/a>\n\t\t\t\t<div class=\"elementor-post__badge\">Life Sciences<\/div>\n\t\t\t\t<div class=\"elementor-post__text\">\n\t\t\t\t<h3 class=\"elementor-post__title\">\n\t\t\t<a href=\"https:\/\/winandwinnow.com\/site\/accessible-medical-devices-ai-for-samd-emd\/\">\n\t\t\t\tAccessible Medical Devices: AI for MDAI, SaMD, and EMD\t\t\t<\/a>\n\t\t<\/h3>\n\t\t\t\t<div class=\"elementor-post__excerpt\">\n\t\t\t<p>Medical device teams rarely struggle with what their product does. The friction usually comes from how information is delivered\u2014labels, IFUs, app screens, eIFUs, training media\u2014and<\/p>\n\t\t<\/div>\n\t\t\n\t\t<a class=\"elementor-post__read-more\" href=\"https:\/\/winandwinnow.com\/site\/accessible-medical-devices-ai-for-samd-emd\/\" aria-label=\"Read more about Accessible Medical Devices: AI for MDAI, SaMD, and EMD\" tabindex=\"-1\">\n\t\t\tLeer m\u00e1s \u00bb\t\t<\/a>\n\n\t\t\t\t<\/div>\n\t\t\t\t\t<\/div>\n\t\t<\/article>\n\t\t\t\t<\/div>\n\t\t\n\t\t\t\t<div class=\"e-load-more-anchor\" data-page=\"1\" data-max-page=\"40\" data-next-page=\"https:\/\/winandwinnow.com\/site\/wp-json\/wp\/v2\/pages\/20\/page\/2\/\"><\/div>\n\t\t\t\t<div class=\"elementor-button-wrapper\">\n\t\t\t<a class=\"elementor-button elementor-size-sm\" role=\"button\">\n\t\t\t\t\t\t<span class=\"elementor-button-content-wrapper\">\n\t\t\t\t\t\t\t\t\t<span class=\"elementor-button-text\">Show more<\/span>\n\t\t\t\t\t<\/span>\n\t\t\t\t\t<\/a>\n\t\t<\/div>\n\t\t\t\t<div class=\"e-load-more-message\"><\/div>\n\t\t\t\t\t\t<\/div>\n\t\t\t\t<\/div>\n\t\t\t\t\t<\/div>\n\t\t<\/div>\n\t\t\t\t\t<\/div>\n\t\t<\/section>\n\t\t\t\t<\/div>\n\t\t","protected":false},"excerpt":{"rendered":"<p>Blog &amp; Resources Insights, resources, thought leadership, and news. Enjoy and learn! Get in touch<\/p>\n","protected":false},"author":1,"featured_media":0,"parent":0,"menu_order":0,"comment_status":"closed","ping_status":"closed","template":"","meta":{"content-type":"","om_disable_all_campaigns":false,"_monsterinsights_skip_tracking":false,"_monsterinsights_sitenote_active":false,"_monsterinsights_sitenote_note":"","_monsterinsights_sitenote_category":0,"footnotes":""},"class_list":["post-20","page","type-page","status-publish","hentry"],"_links":{"self":[{"href":"https:\/\/winandwinnow.com\/site\/wp-json\/wp\/v2\/pages\/20","targetHints":{"allow":["GET"]}}],"collection":[{"href":"https:\/\/winandwinnow.com\/site\/wp-json\/wp\/v2\/pages"}],"about":[{"href":"https:\/\/winandwinnow.com\/site\/wp-json\/wp\/v2\/types\/page"}],"author":[{"embeddable":true,"href":"https:\/\/winandwinnow.com\/site\/wp-json\/wp\/v2\/users\/1"}],"replies":[{"embeddable":true,"href":"https:\/\/winandwinnow.com\/site\/wp-json\/wp\/v2\/comments?post=20"}],"version-history":[{"count":36,"href":"https:\/\/winandwinnow.com\/site\/wp-json\/wp\/v2\/pages\/20\/revisions"}],"predecessor-version":[{"id":19043,"href":"https:\/\/winandwinnow.com\/site\/wp-json\/wp\/v2\/pages\/20\/revisions\/19043"}],"wp:attachment":[{"href":"https:\/\/winandwinnow.com\/site\/wp-json\/wp\/v2\/media?parent=20"}],"curies":[{"name":"wp","href":"https:\/\/api.w.org\/{rel}","templated":true}]}}